{"id":72,"date":"2024-03-08T11:01:40","date_gmt":"2024-03-08T14:01:40","guid":{"rendered":"https:\/\/ateliefofurando.com.br\/?page_id=72"},"modified":"2025-05-27T18:55:36","modified_gmt":"2025-05-27T21:55:36","slug":"contato","status":"publish","type":"page","link":"https:\/\/ateliefofurando.com.br\/index.php\/contato\/","title":{"rendered":"Contato"},"content":{"rendered":"\t\t<div data-elementor-type=\"wp-page\" data-elementor-id=\"72\" class=\"elementor elementor-72\">\n\t\t\t\t<div class=\"elementor-element elementor-element-3287a63 e-flex e-con-boxed e-con e-parent\" data-id=\"3287a63\" data-element_type=\"container\" data-settings=\"{&quot;background_background&quot;:&quot;classic&quot;,&quot;shape_divider_bottom&quot;:&quot;waves&quot;}\">\n\t\t\t\t\t<div class=\"e-con-inner\">\n\t\t\t\t<div class=\"elementor-shape elementor-shape-bottom\" data-negative=\"false\">\n\t\t\t<svg xmlns=\"http:\/\/www.w3.org\/2000\/svg\" viewBox=\"0 0 1000 100\" preserveAspectRatio=\"none\">\n\t<path class=\"elementor-shape-fill\" d=\"M421.9,6.5c22.6-2.5,51.5,0.4,75.5,5.3c23.6,4.9,70.9,23.5,100.5,35.7c75.8,32.2,133.7,44.5,192.6,49.7\n\tc23.6,2.1,48.7,3.5,103.4-2.5c54.7-6,106.2-25.6,106.2-25.6V0H0v30.3c0,0,72,32.6,158.4,30.5c39.2-0.7,92.8-6.7,134-22.4\n\tc21.2-8.1,52.2-18.2,79.7-24.2C399.3,7.9,411.6,7.5,421.9,6.5z\"\/>\n<\/svg>\t\t<\/div>\n\t\t\t\t<div class=\"elementor-element elementor-element-1f0b334 elementor-widget elementor-widget-heading\" data-id=\"1f0b334\" data-element_type=\"widget\" data-widget_type=\"heading.default\">\n\t\t\t\t<div class=\"elementor-widget-container\">\n\t\t\t\t\t<h2 class=\"elementor-heading-title elementor-size-default\">Nossos contatos<\/h2>\t\t\t\t<\/div>\n\t\t\t\t<\/div>\n\t\t\t\t\t<\/div>\n\t\t\t\t<\/div>\n\t\t<div class=\"elementor-element elementor-element-e62da2f e-flex e-con-boxed e-con e-parent\" data-id=\"e62da2f\" data-element_type=\"container\" data-settings=\"{&quot;background_background&quot;:&quot;classic&quot;}\">\n\t\t\t\t\t<div class=\"e-con-inner\">\n\t\t\t\t<div class=\"elementor-element elementor-element-8d71b99 content-align-cta-default elementor-widget elementor-widget-eael-cta-box\" data-id=\"8d71b99\" data-element_type=\"widget\" data-widget_type=\"eael-cta-box.default\">\n\t\t\t\t<div class=\"elementor-widget-container\">\n\t\t\t\t\t\t\t<div class=\"eael-call-to-action cta-basic bg-lite cta-preset-2\">\n        <h2 class=\"title eael-cta-heading\">Deseja falar conosco?<\/h2><p>Acesse nosso instagram ou nos chame no Whatsapp, nos bot\u00f5es abaixo:<\/p><a href=\"https:\/\/wa.link\/0gfktp\" class=\"cta-button cta-preset-2 cta-btn-preset-1 \">Whatsapp do Ateli\u00ea<\/a><a href=\"https:\/\/www.instagram.com\/ateliefofurando\/\" class=\"cta-button cta-secondary-button \">Instagram do Ateli\u00ea<\/a>\t<\/div>\n\t\t\t\t\t\t\t\t<\/div>\n\t\t\t\t<\/div>\n\t\t\t\t\t<\/div>\n\t\t\t\t<\/div>\n\t\t\t\t<\/div>\n\t\t","protected":false},"excerpt":{"rendered":"<p>Nossos contatos Deseja falar conosco? Acesse nosso instagram ou nos chame no Whatsapp, nos bot\u00f5es abaixo: Whatsapp do Ateli\u00eaInstagram do Ateli\u00ea<\/p>\n","protected":false},"author":1,"featured_media":0,"parent":0,"menu_order":0,"comment_status":"closed","ping_status":"closed","template":"","meta":{"_joinchat":[],"footnotes":""},"yoast_head":"<!-- This site is optimized with the Yoast SEO plugin v22.2 - https:\/\/yoast.com\/wordpress\/plugins\/seo\/ -->\n<title>Contato - Atelie fofurando<\/title>\n<meta name=\"description\" content=\"Veja os contatos do ateli\u00ea fofurando. Entre em contato conosco para fazer o seu pedido e transformar seus momentos em do\u00e7ura.\" \/>\n<meta name=\"robots\" content=\"index, follow, max-snippet:-1, max-image-preview:large, max-video-preview:-1\" \/>\n<link rel=\"canonical\" href=\"https:\/\/ateliefofurando.com.br\/index.php\/contato\/\" \/>\n<meta property=\"og:locale\" content=\"pt_BR\" \/>\n<meta property=\"og:type\" content=\"article\" \/>\n<meta property=\"og:title\" content=\"Contato - Atelie fofurando\" \/>\n<meta property=\"og:description\" content=\"Veja os contatos do ateli\u00ea fofurando. Entre em contato conosco para fazer o seu pedido e transformar seus momentos em do\u00e7ura.\" \/>\n<meta property=\"og:url\" content=\"https:\/\/ateliefofurando.com.br\/index.php\/contato\/\" \/>\n<meta property=\"og:site_name\" content=\"Atelie fofurando\" \/>\n<meta property=\"article:modified_time\" content=\"2025-05-27T21:55:36+00:00\" \/>\n<meta name=\"twitter:card\" content=\"summary_large_image\" \/>\n<meta name=\"twitter:label1\" content=\"Est. tempo de leitura\" \/>\n\t<meta name=\"twitter:data1\" content=\"1 minuto\" \/>\n<script type=\"application\/ld+json\" class=\"yoast-schema-graph\">{\"@context\":\"https:\/\/schema.org\",\"@graph\":[{\"@type\":\"WebPage\",\"@id\":\"https:\/\/ateliefofurando.com.br\/index.php\/contato\/\",\"url\":\"https:\/\/ateliefofurando.com.br\/index.php\/contato\/\",\"name\":\"Contato - Atelie fofurando\",\"isPartOf\":{\"@id\":\"https:\/\/ateliefofurando.com.br\/#website\"},\"datePublished\":\"2024-03-08T14:01:40+00:00\",\"dateModified\":\"2025-05-27T21:55:36+00:00\",\"description\":\"Veja os contatos do ateli\u00ea fofurando. Entre em contato conosco para fazer o seu pedido e transformar seus momentos em do\u00e7ura.\",\"breadcrumb\":{\"@id\":\"https:\/\/ateliefofurando.com.br\/index.php\/contato\/#breadcrumb\"},\"inLanguage\":\"pt-BR\",\"potentialAction\":[{\"@type\":\"ReadAction\",\"target\":[\"https:\/\/ateliefofurando.com.br\/index.php\/contato\/\"]}]},{\"@type\":\"BreadcrumbList\",\"@id\":\"https:\/\/ateliefofurando.com.br\/index.php\/contato\/#breadcrumb\",\"itemListElement\":[{\"@type\":\"ListItem\",\"position\":1,\"name\":\"In\u00edcio\",\"item\":\"https:\/\/ateliefofurando.com.br\/\"},{\"@type\":\"ListItem\",\"position\":2,\"name\":\"Contato\"}]},{\"@type\":\"WebSite\",\"@id\":\"https:\/\/ateliefofurando.com.br\/#website\",\"url\":\"https:\/\/ateliefofurando.com.br\/\",\"name\":\"Atelie fofurando\",\"description\":\"\",\"publisher\":{\"@id\":\"https:\/\/ateliefofurando.com.br\/#organization\"},\"potentialAction\":[{\"@type\":\"SearchAction\",\"target\":{\"@type\":\"EntryPoint\",\"urlTemplate\":\"https:\/\/ateliefofurando.com.br\/?s={search_term_string}\"},\"query-input\":\"required name=search_term_string\"}],\"inLanguage\":\"pt-BR\"},{\"@type\":\"Organization\",\"@id\":\"https:\/\/ateliefofurando.com.br\/#organization\",\"name\":\"Atelie fofurando\",\"url\":\"https:\/\/ateliefofurando.com.br\/\",\"logo\":{\"@type\":\"ImageObject\",\"inLanguage\":\"pt-BR\",\"@id\":\"https:\/\/ateliefofurando.com.br\/#\/schema\/logo\/image\/\",\"url\":\"https:\/\/ateliefofurando.com.br\/wp-content\/uploads\/2024\/03\/Captura-de-Tela-2024-03-08-as-10.57.22.png\",\"contentUrl\":\"https:\/\/ateliefofurando.com.br\/wp-content\/uploads\/2024\/03\/Captura-de-Tela-2024-03-08-as-10.57.22.png\",\"width\":269,\"height\":132,\"caption\":\"Atelie fofurando\"},\"image\":{\"@id\":\"https:\/\/ateliefofurando.com.br\/#\/schema\/logo\/image\/\"}}]}<\/script>\n<!-- \/ Yoast SEO plugin. -->","yoast_head_json":{"title":"Contato - Atelie fofurando","description":"Veja os contatos do ateli\u00ea fofurando. Entre em contato conosco para fazer o seu pedido e transformar seus momentos em do\u00e7ura.","robots":{"index":"index","follow":"follow","max-snippet":"max-snippet:-1","max-image-preview":"max-image-preview:large","max-video-preview":"max-video-preview:-1"},"canonical":"https:\/\/ateliefofurando.com.br\/index.php\/contato\/","og_locale":"pt_BR","og_type":"article","og_title":"Contato - Atelie fofurando","og_description":"Veja os contatos do ateli\u00ea fofurando. Entre em contato conosco para fazer o seu pedido e transformar seus momentos em do\u00e7ura.","og_url":"https:\/\/ateliefofurando.com.br\/index.php\/contato\/","og_site_name":"Atelie fofurando","article_modified_time":"2025-05-27T21:55:36+00:00","twitter_card":"summary_large_image","twitter_misc":{"Est. tempo de leitura":"1 minuto"},"schema":{"@context":"https:\/\/schema.org","@graph":[{"@type":"WebPage","@id":"https:\/\/ateliefofurando.com.br\/index.php\/contato\/","url":"https:\/\/ateliefofurando.com.br\/index.php\/contato\/","name":"Contato - Atelie fofurando","isPartOf":{"@id":"https:\/\/ateliefofurando.com.br\/#website"},"datePublished":"2024-03-08T14:01:40+00:00","dateModified":"2025-05-27T21:55:36+00:00","description":"Veja os contatos do ateli\u00ea fofurando. Entre em contato conosco para fazer o seu pedido e transformar seus momentos em do\u00e7ura.","breadcrumb":{"@id":"https:\/\/ateliefofurando.com.br\/index.php\/contato\/#breadcrumb"},"inLanguage":"pt-BR","potentialAction":[{"@type":"ReadAction","target":["https:\/\/ateliefofurando.com.br\/index.php\/contato\/"]}]},{"@type":"BreadcrumbList","@id":"https:\/\/ateliefofurando.com.br\/index.php\/contato\/#breadcrumb","itemListElement":[{"@type":"ListItem","position":1,"name":"In\u00edcio","item":"https:\/\/ateliefofurando.com.br\/"},{"@type":"ListItem","position":2,"name":"Contato"}]},{"@type":"WebSite","@id":"https:\/\/ateliefofurando.com.br\/#website","url":"https:\/\/ateliefofurando.com.br\/","name":"Atelie fofurando","description":"","publisher":{"@id":"https:\/\/ateliefofurando.com.br\/#organization"},"potentialAction":[{"@type":"SearchAction","target":{"@type":"EntryPoint","urlTemplate":"https:\/\/ateliefofurando.com.br\/?s={search_term_string}"},"query-input":"required name=search_term_string"}],"inLanguage":"pt-BR"},{"@type":"Organization","@id":"https:\/\/ateliefofurando.com.br\/#organization","name":"Atelie fofurando","url":"https:\/\/ateliefofurando.com.br\/","logo":{"@type":"ImageObject","inLanguage":"pt-BR","@id":"https:\/\/ateliefofurando.com.br\/#\/schema\/logo\/image\/","url":"https:\/\/ateliefofurando.com.br\/wp-content\/uploads\/2024\/03\/Captura-de-Tela-2024-03-08-as-10.57.22.png","contentUrl":"https:\/\/ateliefofurando.com.br\/wp-content\/uploads\/2024\/03\/Captura-de-Tela-2024-03-08-as-10.57.22.png","width":269,"height":132,"caption":"Atelie fofurando"},"image":{"@id":"https:\/\/ateliefofurando.com.br\/#\/schema\/logo\/image\/"}}]}},"_links":{"self":[{"href":"https:\/\/ateliefofurando.com.br\/index.php\/wp-json\/wp\/v2\/pages\/72"}],"collection":[{"href":"https:\/\/ateliefofurando.com.br\/index.php\/wp-json\/wp\/v2\/pages"}],"about":[{"href":"https:\/\/ateliefofurando.com.br\/index.php\/wp-json\/wp\/v2\/types\/page"}],"author":[{"embeddable":true,"href":"https:\/\/ateliefofurando.com.br\/index.php\/wp-json\/wp\/v2\/users\/1"}],"replies":[{"embeddable":true,"href":"https:\/\/ateliefofurando.com.br\/index.php\/wp-json\/wp\/v2\/comments?post=72"}],"version-history":[{"count":0,"href":"https:\/\/ateliefofurando.com.br\/index.php\/wp-json\/wp\/v2\/pages\/72\/revisions"}],"wp:attachment":[{"href":"https:\/\/ateliefofurando.com.br\/index.php\/wp-json\/wp\/v2\/media?parent=72"}],"curies":[{"name":"wp","href":"https:\/\/api.w.org\/{rel}","templated":true}]}}